{"id":136,"date":"2026-04-20T09:45:10","date_gmt":"2026-04-20T09:45:10","guid":{"rendered":"https:\/\/faria.ptis03.pt\/?page_id=136"},"modified":"2026-04-20T10:00:52","modified_gmt":"2026-04-20T10:00:52","slug":"familia","status":"publish","type":"page","link":"https:\/\/faria.ptis03.pt\/?page_id=136","title":{"rendered":"Familia"},"content":{"rendered":"\n<h2 style=\"opacity: 0;\" superb-addons-animation=\"fadeInDown\" class=\"wp-block-heading\">Os Progenitores e a Disciplina R\u00edgida<\/h2>\n\n\n\n<figure style=\"opacity: 0;\" superb-addons-animation=\"fadeInDown\" class=\"wp-block-image alignright size-full\"><img loading=\"lazy\" decoding=\"async\" width=\"231\" height=\"218\" src=\"http:\/\/faria.ptis03.pt\/wp-content\/uploads\/2026\/04\/image-29.png\" alt=\"\" class=\"wp-image-142\"\/><\/figure>\n\n\n\n<ul class=\"wp-block-list\">\n<li style=\"opacity: 0;\" superb-addons-animation=\"fadeInDown\"><strong>Joe Jackson (O Patriarca):<\/strong>\u00a0O pai, Joe, foi o grande motor da carreira dos filhos, mas tamb\u00e9m uma figura controversa. Ele impunha uma disciplina militar e ensaios exaustivos, o que Michael mais tarde descreveu como uma inf\u00e2ncia roubada e marcada por medo e abusos f\u00edsicos.<\/li>\n\n\n\n<li style=\"opacity: 0;\" superb-addons-animation=\"fadeInDown\"><strong>Katherine Jackson (A Matriz):<\/strong>\u00a0A m\u00e3e de Michael era o seu porto seguro. Testemunha de Jeov\u00e1 devota, ela foi a influ\u00eancia emocional e espiritual na vida do cantor, sendo a pessoa a quem ele confiou a guarda dos seus pr\u00f3prios filhos no seu testamento.<\/li>\n<\/ul>\n\n\n\n<h2 style=\"opacity: 0;\" superb-addons-animation=\"fadeInDown\" class=\"wp-block-heading\">O Cl\u00e3 Jackson (Irm\u00e3os)<\/h2>\n\n\n\n<figure style=\"opacity: 0;\" superb-addons-animation=\"fadeInDown\" class=\"wp-block-image aligncenter size-full\"><img loading=\"lazy\" decoding=\"async\" width=\"282\" height=\"179\" src=\"http:\/\/faria.ptis03.pt\/wp-content\/uploads\/2026\/04\/image-32.png\" alt=\"\" class=\"wp-image-146\"\/><\/figure>\n\n\n\n<figure style=\"opacity: 0;\" superb-addons-animation=\"fadeInDown\" class=\"wp-block-image alignleft size-full\"><img loading=\"lazy\" decoding=\"async\" width=\"300\" height=\"168\" src=\"http:\/\/faria.ptis03.pt\/wp-content\/uploads\/2026\/04\/image-31.png\" alt=\"\" class=\"wp-image-145\"\/><\/figure>\n\n\n\n<ul class=\"wp-block-list\">\n<li style=\"opacity: 0;\" superb-addons-animation=\"fadeInDown\"><strong>The Jackson 5:<\/strong>\u00a0O grupo original era composto pelos irm\u00e3os mais velhos:\u00a0<strong>Jackie, Tito, Jermaine, Marlon e Michael<\/strong>. Mais tarde,\u00a0<strong>Randy<\/strong>\u00a0juntou-se ao grupo (rebatizado como\u00a0<em>The Jacksons<\/em>).<\/li>\n\n\n\n<li style=\"opacity: 0;\" superb-addons-animation=\"fadeInDown\"><strong>As Irm\u00e3s:<\/strong>\u00a0<strong>Rebbie, La Toya e Janet Jackson<\/strong>. Janet tornou-se uma superestrela global por m\u00e9rito pr\u00f3prio, sendo a \u00fanica da fam\u00edlia a atingir um n\u00edvel de sucesso e impacto cultural compar\u00e1vel ao de Michael.<\/li>\n<\/ul>\n\n\n\n<h2 style=\"opacity: 0;\" superb-addons-animation=\"fadeInDown\" class=\"wp-block-heading\">Os Filhos de Michael (A Pr\u00f3xima Gera\u00e7\u00e3o)<\/h2>\n\n\n\n<figure style=\"opacity: 0;\" superb-addons-animation=\"fadeInDown\" class=\"wp-block-image alignleft size-full\"><img loading=\"lazy\" decoding=\"async\" width=\"280\" height=\"180\" src=\"http:\/\/faria.ptis03.pt\/wp-content\/uploads\/2026\/04\/image-33.png\" alt=\"\" class=\"wp-image-147\"\/><\/figure>\n\n\n\n<p style=\"opacity: 0;\" superb-addons-animation=\"fadeInDown\">Michael teve tr\u00eas filhos, que ele protegeu intensamente da imprensa durante a inf\u00e2ncia (muitas vezes usando m\u00e1scaras em p\u00fablico):<\/p>\n\n\n\n<ul class=\"wp-block-list\">\n<li style=\"opacity: 0;\" superb-addons-animation=\"fadeInDown\"><strong>Prince Jackson:<\/strong>\u00a0O primog\u00e9nito, hoje focado em produ\u00e7\u00e3o e filantropia.<\/li>\n\n\n\n<li style=\"opacity: 0;\" superb-addons-animation=\"fadeInDown\"><strong>Paris Jackson:<\/strong>\u00a0Modelo, atriz e cantora, \u00e9 a mais medi\u00e1tica dos tr\u00eas.<\/li>\n\n\n\n<li style=\"opacity: 0;\" superb-addons-animation=\"fadeInDown\"><strong>Bigi &#8220;Blanket&#8221; Jackson:<\/strong>\u00a0O mais novo e mais reservado, conhecido por manter um perfil longe dos holofotes.<\/li>\n<\/ul>\n","protected":false},"excerpt":{"rendered":"<p>Os Progenitores e a Disciplina R\u00edgida O Cl\u00e3 Jackson (Irm\u00e3os) Os Filhos de Michael (A Pr\u00f3xima Gera\u00e7\u00e3o) Michael teve tr\u00eas filhos, que ele protegeu intensamente da imprensa durante a inf\u00e2ncia (muitas vezes usando m\u00e1scaras em p\u00fablico):<\/p>\n","protected":false},"author":1,"featured_media":0,"parent":0,"menu_order":0,"comment_status":"closed","ping_status":"closed","template":"","meta":{"_animmysite_disable_animation":false,"footnotes":""},"class_list":["post-136","page","type-page","status-publish","hentry"],"_links":{"self":[{"href":"https:\/\/faria.ptis03.pt\/index.php?rest_route=\/wp\/v2\/pages\/136","targetHints":{"allow":["GET"]}}],"collection":[{"href":"https:\/\/faria.ptis03.pt\/index.php?rest_route=\/wp\/v2\/pages"}],"about":[{"href":"https:\/\/faria.ptis03.pt\/index.php?rest_route=\/wp\/v2\/types\/page"}],"author":[{"embeddable":true,"href":"https:\/\/faria.ptis03.pt\/index.php?rest_route=\/wp\/v2\/users\/1"}],"replies":[{"embeddable":true,"href":"https:\/\/faria.ptis03.pt\/index.php?rest_route=%2Fwp%2Fv2%2Fcomments&post=136"}],"version-history":[{"count":7,"href":"https:\/\/faria.ptis03.pt\/index.php?rest_route=\/wp\/v2\/pages\/136\/revisions"}],"predecessor-version":[{"id":152,"href":"https:\/\/faria.ptis03.pt\/index.php?rest_route=\/wp\/v2\/pages\/136\/revisions\/152"}],"wp:attachment":[{"href":"https:\/\/faria.ptis03.pt\/index.php?rest_route=%2Fwp%2Fv2%2Fmedia&parent=136"}],"curies":[{"name":"wp","href":"https:\/\/api.w.org\/{rel}","templated":true}]}}