{"id":35,"date":"2026-04-17T09:33:04","date_gmt":"2026-04-17T09:33:04","guid":{"rendered":"https:\/\/faria.ptis03.pt\/?page_id=35"},"modified":"2026-04-17T15:21:38","modified_gmt":"2026-04-17T15:21:38","slug":"curiosidades","status":"publish","type":"page","link":"https:\/\/faria.ptis03.pt\/?page_id=35","title":{"rendered":"Curiosidades"},"content":{"rendered":"\n<figure style=\"opacity: 0;\" superb-addons-animation=\"fadeInDown\" class=\"wp-block-image size-full\"><img loading=\"lazy\" decoding=\"async\" width=\"290\" height=\"174\" src=\"http:\/\/faria.ptis03.pt\/wp-content\/uploads\/2026\/04\/image-21.png\" alt=\"\" class=\"wp-image-91\"\/><\/figure>\n\n\n\n<ul class=\"wp-block-list\">\n<li style=\"opacity: 0;\" superb-addons-animation=\"fadeInDown\"><strong>Luva Ic\u00f3nica:<\/strong>&nbsp;Michael come\u00e7ou a usar a famosa luva branca (inicialmente coberta de cristais) para esconder os primeiros sinais de&nbsp;<strong>vitiligo<\/strong>, uma condi\u00e7\u00e3o que causava a perda de pigmenta\u00e7\u00e3o na sua pele.<\/li>\n\n\n\n<li style=\"opacity: 0;\" superb-addons-animation=\"fadeInDown\"><strong>Amizades Inusitadas:<\/strong>&nbsp;O seu melhor amigo durante anos foi um chimpanz\u00e9 chamado&nbsp;<strong>Bubbles<\/strong>, que o acompanhava em digress\u00f5es e at\u00e9 aprendia a fazer o&nbsp;<em>moonwalk<\/em>.<\/li>\n\n\n\n<li style=\"opacity: 0;\" superb-addons-animation=\"fadeInDown\"><strong>Marvel:<\/strong>&nbsp;Nos anos 90, Michael tentou comprar a&nbsp;<strong>Marvel Comics<\/strong>. O seu objetivo era produzir e protagonizar um filme do&nbsp;<em>Homem-Aranha<\/em>, pois era um grande f\u00e3 de super-her\u00f3is.<\/li>\n\n\n\n<li style=\"opacity: 0;\" superb-addons-animation=\"fadeInDown\"><strong>Recorde Imbat\u00edvel:<\/strong>&nbsp;O \u00e1lbum&nbsp;<em>Thriller<\/em>&nbsp;\u00e9 o \u00fanico na hist\u00f3ria a ser certificado como&nbsp;<strong>34x Platina<\/strong>&nbsp;nos EUA, com vendas estimadas em mais de 70 milh\u00f5es de c\u00f3pias mundialmente.<\/li>\n<\/ul>\n\n\n\n<p style=\"opacity: 0;\" superb-addons-animation=\"fadeInDown\" class=\"has-superbfont-large-font-size\"><strong>Pr\u00e9mios e Conquistas de Carreira<\/strong><\/p>\n\n\n\n<figure style=\"opacity: 0;\" superb-addons-animation=\"fadeInDown\" class=\"wp-block-image alignright size-full\"><img loading=\"lazy\" decoding=\"async\" width=\"275\" height=\"183\" src=\"http:\/\/faria.ptis03.pt\/wp-content\/uploads\/2026\/04\/image-20.png\" alt=\"\" class=\"wp-image-90\"\/><\/figure>\n\n\n\n<ul class=\"wp-block-list\">\n<li style=\"opacity: 0;\" superb-addons-animation=\"fadeInDown\"><strong>Mais Grammys numa Noite<\/strong>: Venceu&nbsp;<strong>8 Grammys<\/strong>&nbsp;em 1984, um recorde para um artista solo masculino num \u00fanico ano.<\/li>\n\n\n\n<li style=\"opacity: 0;\" superb-addons-animation=\"fadeInDown\"><strong>Most Successful Entertainer of All Time<\/strong>: T\u00edtulo oficial concedido pelo Guinness pelo seu sucesso comercial e impacto cultural sem precedentes.<\/li>\n\n\n\n<li style=\"opacity: 0;\" superb-addons-animation=\"fadeInDown\"><strong>Artista Mais Premiado<\/strong>: Ao longo da sua vida, recebeu mais de&nbsp;<strong>800 pr\u00e9mios<\/strong>, incluindo 26 American Music Awards, o que o torna o artista masculino mais vitorioso da hist\u00f3ria da premia\u00e7\u00e3o.<\/li>\n<\/ul>\n\n\n\n<p style=\"opacity: 0;\" superb-addons-animation=\"fadeInDown\" class=\"has-superbfont-large-font-size\"><strong>Recordes Digitais e Filantropia<\/strong><\/p>\n\n\n\n<figure style=\"opacity: 0;\" superb-addons-animation=\"fadeInDown\" class=\"wp-block-image alignleft size-full\"><img loading=\"lazy\" decoding=\"async\" width=\"225\" height=\"225\" src=\"http:\/\/faria.ptis03.pt\/wp-content\/uploads\/2026\/04\/image-19.png\" alt=\"\" class=\"wp-image-89\" srcset=\"https:\/\/faria.ptis03.pt\/wp-content\/uploads\/2026\/04\/image-19.png 225w, https:\/\/faria.ptis03.pt\/wp-content\/uploads\/2026\/04\/image-19-150x150.png 150w\" sizes=\"auto, (max-width: 225px) 100vw, 225px\" \/><\/figure>\n\n\n\n<ul class=\"wp-block-list\">\n<li style=\"opacity: 0;\" superb-addons-animation=\"fadeInDown\"><strong>Dom\u00ednio no Streaming<\/strong>: Em 2026, o seu cat\u00e1logo ultrapassou os&nbsp;<strong>500 milh\u00f5es de streams no Spotify<\/strong>&nbsp;em apenas um m\u00eas, consolidando o seu dom\u00ednio p\u00f3stumo nas plataformas digitais.<\/li>\n\n\n\n<li style=\"opacity: 0;\" superb-addons-animation=\"fadeInDown\"><strong>O Maior Filantropo Pop<\/strong>: Det\u00e9m o recorde de artista pop que apoiou o maior n\u00famero de institui\u00e7\u00f5es de caridade (39 organiza\u00e7\u00f5es).<\/li>\n\n\n\n<li style=\"opacity: 0;\" superb-addons-animation=\"fadeInDown\"><strong>Videoclipe Mais Caro<\/strong>:&nbsp;<em>&#8220;Scream&#8221;<\/em>&nbsp;(1995), com Janet Jackson, continua a ser citado como o videoclipe de maior or\u00e7amento da hist\u00f3ria (7 milh\u00f5es de d\u00f3lares).<\/li>\n<\/ul>\n\n\n\n<p style=\"opacity: 0;\" superb-addons-animation=\"fadeInDown\" class=\"has-superbfont-large-font-size\"><strong>Recordes de \u00c1lbuns e Vendas<\/strong><\/p>\n\n\n\n<figure style=\"opacity: 0;\" superb-addons-animation=\"fadeInDown\" class=\"wp-block-image alignright size-full\"><img loading=\"lazy\" decoding=\"async\" width=\"300\" height=\"168\" src=\"http:\/\/faria.ptis03.pt\/wp-content\/uploads\/2026\/04\/image-18.png\" alt=\"\" class=\"wp-image-88\"\/><\/figure>\n\n\n\n<ul class=\"wp-block-list\">\n<li style=\"opacity: 0;\" superb-addons-animation=\"fadeInDown\"><strong>\u00c1lbum Mais Vendido da Hist\u00f3ria<\/strong>:&nbsp;<em>Thriller<\/em>&nbsp;(1982) mant\u00e9m o topo absoluto, com vendas estimadas entre&nbsp;70 e 100 milh\u00f5es de c\u00f3pias&nbsp;globalmente.<\/li>\n\n\n\n<li style=\"opacity: 0;\" superb-addons-animation=\"fadeInDown\"><strong>Seis D\u00e9cadas no Top 10<\/strong>: Em 2025\/2026, Michael tornou-se o \u00fanico artista a colocar hits no Top 10 da Billboard Hot 100 em&nbsp;seis d\u00e9cadas consecutivas&nbsp;(dos anos 70 aos anos 2020).<\/li>\n\n\n\n<li style=\"opacity: 0;\" superb-addons-animation=\"fadeInDown\"><strong>Vendas Combinadas<\/strong>: \u00c9 um dos poucos artistas a vender mais de 100 milh\u00f5es de discos tanto a solo como como membro principal de uma banda (The Jackson 5).<\/li>\n<\/ul>\n\n\n\n<h2 style=\"opacity: 0;\" superb-addons-animation=\"fadeInDown\" class=\"wp-block-heading\">Jogo<\/h2>\n\n\n\n<figure style=\"opacity: 0;\" superb-addons-animation=\"fadeInDown\" class=\"wp-block-image alignleft size-full\"><img loading=\"lazy\" decoding=\"async\" width=\"300\" height=\"168\" src=\"http:\/\/faria.ptis03.pt\/wp-content\/uploads\/2026\/04\/image-22.png\" alt=\"\" class=\"wp-image-105\"\/><\/figure>\n\n\n\n<p style=\"opacity: 0;\" superb-addons-animation=\"fadeInDown\">Michael era um f\u00e3 confesso de videojogos, especialmente da Sega, e participou ativamente no desenvolvimento dos seus t\u00edtulos:&nbsp;<\/p>\n\n\n\n<ul class=\"wp-block-list\">\n<li style=\"opacity: 0;\" superb-addons-animation=\"fadeInDown\"><strong>Moonwalker (1990):<\/strong>\u00a0Ao contr\u00e1rio de outros jogos da \u00e9poca, o pr\u00f3prio Michael ajudou no design e na banda sonora. No jogo, ele tem o poder de derrotar inimigos fazendo-os dan\u00e7ar e pode transformar-se num\u00a0<strong>rob\u00f4 gigante<\/strong>.<\/li>\n\n\n\n<li style=\"opacity: 0;\" superb-addons-animation=\"fadeInDown\"><strong>A &#8220;Dancinha&#8221; Fatal:<\/strong>\u00a0Um dos ataques especiais mais famosos nos jogos \u00e9 o &#8220;Dance Magic&#8221;, onde Michael obriga todos os inimigos no ecr\u00e3 a coreografar um hit (como\u00a0<em>&#8220;Beat It&#8221;<\/em>\u00a0ou\u00a0<em>&#8220;Smooth Criminal&#8221;<\/em>) antes de explodirem ou serem derrotados.<\/li>\n\n\n\n<li style=\"opacity: 0;\" superb-addons-animation=\"fadeInDown\"><strong>Sonic the Hedgehog 3:<\/strong>\u00a0Durante d\u00e9cadas, foi um rumor, mas hoje sabe-se que Michael comp\u00f4s parte da banda sonora deste jogo cl\u00e1ssico da Sega, embora n\u00e3o tenha sido creditado oficialmente na altura devido a quest\u00f5es contratuais e controv\u00e9rsias.<\/li>\n\n\n\n<li style=\"opacity: 0;\" superb-addons-animation=\"fadeInDown\"><strong>Space Channel 5:<\/strong>\u00a0Michael gostou tanto de ver uma vers\u00e3o inicial deste jogo de ritmo que pediu pessoalmente \u00e0 Sega para aparecer nele. Ele acabou por entrar como a personagem\u00a0<strong>&#8220;Space Michael&#8221;<\/strong>.<\/li>\n<\/ul>\n\n\n\n<figure style=\"opacity: 0;\" superb-addons-animation=\"fadeInDown\" class=\"wp-block-image alignright size-full\"><img loading=\"lazy\" decoding=\"async\" width=\"300\" height=\"168\" src=\"http:\/\/faria.ptis03.pt\/wp-content\/uploads\/2026\/04\/image-23.png\" alt=\"\" class=\"wp-image-107\"\/><\/figure>\n\n\n\n<h2 style=\"opacity: 0;\" superb-addons-animation=\"fadeInDown\" class=\"wp-block-heading\">Filme<\/h2>\n\n\n\n<p style=\"opacity: 0;\" superb-addons-animation=\"fadeInDown\">A cinebiografia, com estreia mundial marcada para\u00a0<strong>abril de 2026<\/strong>, est\u00e1 a gerar enorme expectativa:<\/p>\n\n\n\n<ul class=\"wp-block-list\">\n<li style=\"opacity: 0;\" superb-addons-animation=\"fadeInDown\"><strong>Tudo em Fam\u00edlia:<\/strong>\u00a0O papel de Michael Jackson \u00e9 interpretado por\u00a0<strong>Jaafar Jackson<\/strong>, que \u00e9 sobrinho real do cantor (filho de Jermaine Jackson). A semelhan\u00e7a f\u00edsica e a voz impressionaram a cr\u00edtica nas primeiras imagens de bastidores.\n<ul class=\"wp-block-list\">\n<li style=\"opacity: 0;\" superb-addons-animation=\"fadeInDown\"><strong>Escala \u00c9pica:<\/strong>\u00a0O filme promete cobrir toda a vida do artista, desde os tempos dos Jackson 5 at\u00e9 \u00e0 prepara\u00e7\u00e3o para a sua \u00faltima digress\u00e3o,\u00a0<em>This Is It<\/em>.<\/li>\n<\/ul>\n<\/li>\n\n\n\n<li style=\"opacity: 0;\" superb-addons-animation=\"fadeInDown\"><strong>Realismo:<\/strong>\u00a0A produ\u00e7\u00e3o utilizou core\u00f3grafos que trabalharam com o pr\u00f3prio Michael para garantir que os movimentos de dan\u00e7a de Jaafar fossem id\u00eanticos aos do Rei do Pop.<\/li>\n<\/ul>\n","protected":false},"excerpt":{"rendered":"<p>Pr\u00e9mios e Conquistas de Carreira Recordes Digitais e Filantropia Recordes de \u00c1lbuns e Vendas Jogo Michael era um f\u00e3 confesso de videojogos, especialmente da Sega, e participou ativamente no desenvolvimento dos seus t\u00edtulos:&nbsp; Filme A cinebiografia, com estreia mundial marcada para\u00a0abril de 2026, est\u00e1 a gerar enorme expectativa:<\/p>\n","protected":false},"author":1,"featured_media":0,"parent":0,"menu_order":0,"comment_status":"closed","ping_status":"closed","template":"","meta":{"_animmysite_disable_animation":false,"footnotes":""},"class_list":["post-35","page","type-page","status-publish","hentry"],"_links":{"self":[{"href":"https:\/\/faria.ptis03.pt\/index.php?rest_route=\/wp\/v2\/pages\/35","targetHints":{"allow":["GET"]}}],"collection":[{"href":"https:\/\/faria.ptis03.pt\/index.php?rest_route=\/wp\/v2\/pages"}],"about":[{"href":"https:\/\/faria.ptis03.pt\/index.php?rest_route=\/wp\/v2\/types\/page"}],"author":[{"embeddable":true,"href":"https:\/\/faria.ptis03.pt\/index.php?rest_route=\/wp\/v2\/users\/1"}],"replies":[{"embeddable":true,"href":"https:\/\/faria.ptis03.pt\/index.php?rest_route=%2Fwp%2Fv2%2Fcomments&post=35"}],"version-history":[{"count":7,"href":"https:\/\/faria.ptis03.pt\/index.php?rest_route=\/wp\/v2\/pages\/35\/revisions"}],"predecessor-version":[{"id":114,"href":"https:\/\/faria.ptis03.pt\/index.php?rest_route=\/wp\/v2\/pages\/35\/revisions\/114"}],"wp:attachment":[{"href":"https:\/\/faria.ptis03.pt\/index.php?rest_route=%2Fwp%2Fv2%2Fmedia&parent=35"}],"curies":[{"name":"wp","href":"https:\/\/api.w.org\/{rel}","templated":true}]}}